{"id":2722,"date":"2022-11-26T05:44:19","date_gmt":"2022-11-26T05:44:19","guid":{"rendered":"https:\/\/www.bethcare.com\/politique-de-confidentialite\/"},"modified":"2023-07-21T21:14:29","modified_gmt":"2023-07-21T21:14:29","slug":"politique-de-confidentialite","status":"publish","type":"page","link":"https:\/\/www.bethcare.com\/fr\/politique-de-confidentialite\/","title":{"rendered":"Politique de Confidentialit\u00e9"},"content":{"rendered":"\t\t<div data-elementor-type=\"wp-page\" data-elementor-id=\"2722\" class=\"elementor elementor-2722 elementor-3\" data-elementor-post-type=\"page\">\n\t\t\t\t\t\t<section class=\"elementor-section elementor-top-section elementor-element elementor-element-1be81bcf elementor-section-full_width elementor-section-height-default elementor-section-height-default\" data-id=\"1be81bcf\" data-element_type=\"section\" data-e-type=\"section\">\n\t\t\t\t\t\t<div class=\"elementor-container elementor-column-gap-default\">\n\t\t\t\t\t<div class=\"elementor-column elementor-col-100 elementor-top-column elementor-element elementor-element-d74a490\" data-id=\"d74a490\" data-element_type=\"column\" data-e-type=\"column\">\n\t\t\t<div class=\"elementor-widget-wrap elementor-element-populated\">\n\t\t\t\t\t\t<div class=\"elementor-element elementor-element-6781ef2a elementor-widget elementor-widget-text-editor\" data-id=\"6781ef2a\" data-element_type=\"widget\" data-e-type=\"widget\" data-widget_type=\"text-editor.default\">\n\t\t\t\t<div class=\"elementor-widget-container\">\n\t\t\t\t\t\t\t\t\t<h3><span style=\"color: #008080;\">Politique de Confidentialit\u00e9<\/span><\/h3>\n<h5 class=\"p1\">Services aux a\u00een\u00e9s BethCare Inc. et ses soci\u00e9t\u00e9s affili\u00e9es (collectivement \u00ab\u00a0BethCare\u00a0\u00bb, \u00ab\u00a0nous\u00a0\u00bbou \u00ab\u00a0notre\u00a0\u00bb) respectent vos pr\u00e9occupations concernant votre vie priv\u00e9e. Nous avons pr\u00e9par\u00e9 cette politique de confidentialit\u00e9 pour vous informer de la mani\u00e8re dont nous collectons, utilisons, divulguons et g\u00e9rons autrement les informations personnelles que vous nous<\/h5>\n<h5 class=\"p1\">fournissez via notre site Web situ\u00e9 \u00e0 l&rsquo;adresse www.bethcare.com.<\/h5><br>\n<h5 class=\"p1\"><strong>Nous pouvons collecter les informations personnelles que vous nous fournissez lorsque vous:<\/strong><\/h5>\t\t\t\t\t\t\t\t<\/div>\n\t\t\t\t<\/div>\n\t\t\t\t\t<\/div>\n\t\t<\/div>\n\t\t\t\t\t<\/div>\n\t\t<\/section>\n\t\t\t\t<section class=\"elementor-section elementor-top-section elementor-element elementor-element-7df1eda elementor-section-boxed elementor-section-height-default elementor-section-height-default\" data-id=\"7df1eda\" data-element_type=\"section\" data-e-type=\"section\">\n\t\t\t\t\t\t<div class=\"elementor-container elementor-column-gap-default\">\n\t\t\t\t\t<div class=\"elementor-column elementor-col-100 elementor-top-column elementor-element elementor-element-937ae14\" data-id=\"937ae14\" data-element_type=\"column\" data-e-type=\"column\">\n\t\t\t<div class=\"elementor-widget-wrap elementor-element-populated\">\n\t\t\t\t\t\t<div class=\"elementor-element elementor-element-1b053a5 elementor-widget elementor-widget-text-editor\" data-id=\"1b053a5\" data-element_type=\"widget\" data-e-type=\"widget\" data-widget_type=\"text-editor.default\">\n\t\t\t\t<div class=\"elementor-widget-container\">\n\t\t\t\t\t\t\t\t\t<h5 class=\"p1\">\u25cf Visitez notre Site pour recevoir notre bulletin ou autrement vous inscrire sur notre Site ou participer \u00e0 une autre fonctionnalit\u00e9 de notre Site.<\/h5><h5 class=\"p1\">\u25cf Visitez nos plateformes de m\u00e9dias sociaux;<\/h5><h5 class=\"p1\">\u25cf Demander certaines informations sur nos services;<\/h5><h5 class=\"p1\">\u25cf Contactez l&rsquo;un de nos repr\u00e9sentants du service \u00e0 la client\u00e8le;<\/h5><h5 class=\"p1\">\u25cf Participez \u00e0 un concours ou \u00e0 un tirage au sort ou r\u00e9pondez \u00e0 l&rsquo;un de nos sondages; ou<\/h5><h5 class=\"p1\">\u25cf Nous faire part de vos commentaires ou suggestions sure notre Site<\/h5>\t\t\t\t\t\t\t\t<\/div>\n\t\t\t\t<\/div>\n\t\t\t\t<div class=\"elementor-element elementor-element-2614a83 elementor-widget elementor-widget-text-editor\" data-id=\"2614a83\" data-element_type=\"widget\" data-e-type=\"widget\" data-widget_type=\"text-editor.default\">\n\t\t\t\t<div class=\"elementor-widget-container\">\n\t\t\t\t\t\t\t\t\t<h3>&nbsp;<\/h3>\n<h3 class=\"p1\"><span style=\"color: #008080;\">Informations sur le site web<\/span><\/h3>\n<h5 class=\"p2\">Nous recueillons les adresses IP (protocole Internet) de tous les visiteurs de notre site et d&rsquo;autres informations telles que les demandes de page, le type de navigateur, le syst\u00e8me d&rsquo;exploitation et le temps moyen pass\u00e9 sur notre Site. Nous utilisons ces informations pour surveiller et am\u00e9liorer notre Site.<\/h5>\n<h3>&nbsp;<\/h3>\n<h3 class=\"p1\"><span style=\"color: #008080;\">Service \u00e0 la client\u00e8le<\/span><\/h3>\n<h5 class=\"p2\">Lorsque vous appelez l&rsquo;un de nos repr\u00e9sentants du service \u00e0 la client\u00e8le, il peut vous \u00eatre demand\u00e9 des informations qui vous identifie ainsi que des informations personnelles suppl\u00e9mentaires dont nous avons besoin pour nous aider \u00e0 rapidement r\u00e9pondre \u00e0 votre question, comme votre nom et adresse et un num\u00e9ro de t\u00e9l\u00e9phone o\u00f9 nous pouvons vous contacter. Nous pouvons conserver ces informations pour vous aider \u00e0 l&rsquo;avenir.<\/h5>\n<h5>&nbsp;<\/h5>\n<h3 class=\"p1\"><span style=\"color: #008080;\">S\u00e9curit\u00e9 des renseignements personnels<\/span><\/h3>\n<h5 class=\"p2\">Nous maintiendrons la confidentialit\u00e9 de toutes les informations personnelles collect\u00e9es sur notre site et ne ferons que divulguer ces informations aux employ\u00e9s et aux prestataires de services autoris\u00e9s qui en ont besoin aux fins d\u00e9crites dans la pr\u00e9sente politique de confidentialit\u00e9. Nous pouvons transf\u00e9rer les informations personnelles que nous collectons ou que vous fournissez comme d\u00e9crit dans cette politique \u00e0 des sous-traitants, des prestataires de service et autres tiers que nous utilisons pour soutenir notre entreprise (tels que des fournisseurs de logiciels) et qui sont contractuellement tenus de garder les informations personnelles confidentielles, ne les utiliser qu&rsquo;aux fins pour lesquelles nous les leur divulguons et traiter les informations personnelles avec les m\u00eames normes que celles \u00e9nonc\u00e9es dans la pr\u00e9sente politique. Nous maintenons administratif, technique et physique des mesures de protection contre l&rsquo;acc\u00e8s, l&rsquo;utilisation, la modification et la divulgation non autoris\u00e9s d&rsquo;informations personnelles sous notre garde et notre contr\u00f4le. BethCare s&rsquo;engage \u00e0 ne pas divulguer, \u00e9changer, louer, vendre ou autrement transf\u00e9rer vos informations personnelles, sans votre consentement pr\u00e9alable, sauf indication contraire dans le pr\u00e9sent politique de confidentialit\u00e9 ou tel que requis par la loi ou la proc\u00e9dure judiciaire, en r\u00e9ponse \u00e0 une demande de la loi autorit\u00e9s charg\u00e9es de l&rsquo;application de la loi, lorsque nous estimons que la divulgation est n\u00e9cessaire ou appropri\u00e9e pour emp\u00eacher un pr\u00e9judice physique ou une perte financi\u00e8re, ou dans le cadre d&rsquo;une enqu\u00eate sur un cas pr\u00e9sum\u00e9 ou r\u00e9el activit\u00e9 ill\u00e9gale. Nous r\u00e9servons \u00e9galement le droit de transf\u00e9rer les informations personnelles que nous poss\u00e9dons \u00e0 votre sujet dans le cas o\u00f9 nous vendons o\u00f9 transf\u00e9rons tout ou partie de notre entreprise ou de nos actifs. Si une telle vente ou transfert se produit, nous d\u00e9ploierons des efforts raisonnables pour ordonner au cessionnaire d&rsquo;utiliser les informations personnelles que vous nous avez fournies d&rsquo;une mani\u00e8re conforme \u00e0 notre politique de confidentialit\u00e9. Suite \u00e0 un tel vente ou transfert, vous pouvez contacter l&rsquo;entit\u00e9 \u00e0 laquelle nous avons transf\u00e9r\u00e9 vos informations personnelles pour toute demande concernant le traitement de ces informations.<\/h5>\n<h3>&nbsp;<\/h3>\n<h3 class=\"p1\"><span style=\"color: #008080;\">Transfert d&rsquo;informations personnelles vers d&rsquo;autres pays<\/span><\/h3>\n<h5 class=\"p2\">Nous pouvons transf\u00e9rer les informations personnelles que nous recueillons \u00e0 votre sujet \u00e0 des destinataires dans des pays autres que le pays dans lequel vous l&rsquo;avez fourni \u00e0 l&rsquo;origine. Ces pays peuvent ne pas avoir les m\u00eames lois sur la protection des donn\u00e9es que le pays dans lequel vous avez fourni les informations. Lorsque nous transf\u00e9rons vos informations \u00e0 des destinataires dans d&rsquo;autres pays, nous prot\u00e9gerons ces informations comme d\u00e9crit dans cette politique de confidentialit\u00e9 et se conformera aux exigences l\u00e9gales applicables en fournissant des la protection du transfert d&rsquo;informations personnelles \u00e0 des destinataires situ\u00e9s dans des pays autres que celui dont vous avez fourni les informations.<\/h5>\n<h3>&nbsp;<\/h3>\n<h3 class=\"p1\"><span style=\"color: #008080;\">Confidentialit\u00e9 des enfants<\/span><\/h3>\n<h5 class=\"p2\">Ce site n&rsquo;est pas destin\u00e9 aux enfants de moins de treize ans et nous ne collectons pas sciemment d&rsquo;informations personnelles d&rsquo;enfants de moins de treize ans sur le site. Si nous devenons conscients que nous avons re\u00e7u par inadvertance des informations personnelles d&rsquo;un visiteur de moins de treize ans sur ce site, nous supprimerons les informations de nos Archives.<\/h5>\n<h3>&nbsp;<\/h3>\n<h3 class=\"p1\"><span style=\"color: #008080;\">Mises \u00e0 jour de notre politique de confidentialit\u00e9<\/span><\/h3>\n<h5 class=\"p2\">Cette politique de confidentialit\u00e9 peut \u00eatre mise \u00e0 jour p\u00e9riodiquement et sans pr\u00e9avis pour refl\u00e9ter des modifications de nos pratiques en mati\u00e8re d&rsquo;informations personnelles ou des lois applicables. Nous publierons un avis bien visible sur le Site pour vous notifier toute modification significative de notre politique de confidentialit\u00e9 et indiquer sur l&rsquo;avis lorsque la politique de confidentialit\u00e9 a \u00e9t\u00e9 mise \u00e0 jour.<\/h5>\t\t\t\t\t\t\t\t<\/div>\n\t\t\t\t<\/div>\n\t\t\t\t\t<\/div>\n\t\t<\/div>\n\t\t\t\t\t<\/div>\n\t\t<\/section>\n\t\t\t\t<section class=\"elementor-section elementor-top-section elementor-element elementor-element-34f223f elementor-section-boxed elementor-section-height-default elementor-section-height-default\" data-id=\"34f223f\" data-element_type=\"section\" data-e-type=\"section\">\n\t\t\t\t\t\t<div class=\"elementor-container elementor-column-gap-default\">\n\t\t\t\t\t<div class=\"elementor-column elementor-col-100 elementor-top-column elementor-element elementor-element-cae72e2\" data-id=\"cae72e2\" data-element_type=\"column\" data-e-type=\"column\">\n\t\t\t<div class=\"elementor-widget-wrap elementor-element-populated\">\n\t\t\t\t\t\t<div class=\"elementor-element elementor-element-c454de9 elementor-widget elementor-widget-text-editor\" data-id=\"c454de9\" data-element_type=\"widget\" data-e-type=\"widget\" data-widget_type=\"text-editor.default\">\n\t\t\t\t<div class=\"elementor-widget-container\">\n\t\t\t\t\t\t\t\t\t<h3 class=\"p1\"><span style=\"color: #008080;\">Comment nous contacter<\/span><\/h3><h5 class=\"p1\"><strong>Nous voulons vous assurer que BethCare s&rsquo;engage \u00e0 prot\u00e9ger votre vie priv\u00e9e. N&rsquo;h\u00e9sitez pas \u00e0 nous contacter \u00e0 tout moment si vous :<\/strong><\/h5>\t\t\t\t\t\t\t\t<\/div>\n\t\t\t\t<\/div>\n\t\t\t\t\t<\/div>\n\t\t<\/div>\n\t\t\t\t\t<\/div>\n\t\t<\/section>\n\t\t\t\t<section class=\"elementor-section elementor-top-section elementor-element elementor-element-e9323e9 elementor-section-boxed elementor-section-height-default elementor-section-height-default\" data-id=\"e9323e9\" data-element_type=\"section\" data-e-type=\"section\">\n\t\t\t\t\t\t<div class=\"elementor-container elementor-column-gap-default\">\n\t\t\t\t\t<div class=\"elementor-column elementor-col-100 elementor-top-column elementor-element elementor-element-28c4476\" data-id=\"28c4476\" data-element_type=\"column\" data-e-type=\"column\">\n\t\t\t<div class=\"elementor-widget-wrap elementor-element-populated\">\n\t\t\t\t\t\t<div class=\"elementor-element elementor-element-df4da2d elementor-widget elementor-widget-text-editor\" data-id=\"df4da2d\" data-element_type=\"widget\" data-e-type=\"widget\" data-widget_type=\"text-editor.default\">\n\t\t\t\t<div class=\"elementor-widget-container\">\n\t\t\t\t\t\t\t\t\t<ul>\n<li class=\"p1\">\n<h5>Avez des questions ou des commentaires sur cette politique de confidentialit\u00e9;<\/h5>\n<\/li>\n<li class=\"p1\">\n<h5>Souhaitez r\u00e9silier votre inscription sur notre Site<\/h5>\n<\/li>\n<li class=\"p1\">\n<h5>Souhaitez acc\u00e9der et\/ou corriger vos informations personnelles;<\/h5>\n<\/li>\n<li class=\"p1\">\n<h5>Souhaitez donner ou retirer votre consentement pour que BethCare vous fournisse des informations sur nos offres de services<\/h5>\n<\/li>\n<\/ul>\n<h5 class=\"p1\"><strong>Si vous souhaitez conna\u00eetre les informations dont nous disposons actuellement \u00e0 votre sujet ou si vous n&rsquo;\u00eates pas satisfait de la politique de confidentialit\u00e9 ou les pratiques de confidentialit\u00e9 de BethCare, vous devez envoyer une demande ou une plainte \u00e9crite \u00e0 nous \u00e0 l&rsquo;adresse&nbsp;<\/strong><strong style=\"color: var(--ast-global-color-2); font-size: 1.125rem; font-style: inherit; background-color: var(--ast-global-color-5);\">ci-dessous.<\/strong><\/h5>\n<h5>&nbsp;<\/h5>\n<h5 class=\"p1\">Services aux a\u00een\u00e9s BethCare Inc.<\/h5>\n<h5 class=\"p1\">4375 Av Beaconsfield<\/h5>\n<h5 class=\"p1\">Montr\u00e9al (Qu\u00e9bec) H4A 2H5<\/h5>\n<h5 class=\"p1\">Derni\u00e8re mise \u00e0 jour:<\/h5>\n<h5 class=\"p1\">12 d\u00e9cembre 2022<\/h5>\n<ul>\n<li style=\"list-style-type: none;\">&nbsp;<\/li>\n<\/ul>\t\t\t\t\t\t\t\t<\/div>\n\t\t\t\t<\/div>\n\t\t\t\t\t<\/div>\n\t\t<\/div>\n\t\t\t\t\t<\/div>\n\t\t<\/section>\n\t\t\t\t<\/div>\n\t\t","protected":false},"excerpt":{"rendered":"<p>Politique de Confidentialit\u00e9 Services aux a\u00een\u00e9s BethCare Inc. et ses soci\u00e9t\u00e9s affili\u00e9es (collectivement \u00ab\u00a0BethCare\u00a0\u00bb, \u00ab\u00a0nous\u00a0\u00bbou \u00ab\u00a0notre\u00a0\u00bb) respectent vos pr\u00e9occupations concernant votre vie priv\u00e9e. Nous avons pr\u00e9par\u00e9 cette politique de confidentialit\u00e9 pour vous informer de la mani\u00e8re dont nous collectons, utilisons, divulguons et g\u00e9rons autrement les informations personnelles que vous nous fournissez via notre site Web [&hellip;]<\/p>\n","protected":false},"author":1,"featured_media":0,"parent":0,"menu_order":0,"comment_status":"closed","ping_status":"open","template":"elementor_header_footer","meta":{"site-sidebar-layout":"default","site-content-layout":"","ast-site-content-layout":"default","site-content-style":"default","site-sidebar-style":"default","ast-global-header-display":"","ast-banner-title-visibility":"","ast-main-header-display":"","ast-hfb-above-header-display":"","ast-hfb-below-header-display":"","ast-hfb-mobile-header-display":"","site-post-title":"","ast-breadcrumbs-content":"","ast-featured-img":"","footer-sml-layout":"","ast-disable-related-posts":"","theme-transparent-header-meta":"","adv-header-id-meta":"","stick-header-meta":"","header-above-stick-meta":"","header-main-stick-meta":"","header-below-stick-meta":"","astra-migrate-meta-layouts":"default","ast-page-background-enabled":"default","ast-page-background-meta":{"desktop":{"background-color":"","background-image":"","background-repeat":"repeat","background-position":"center center","background-size":"auto","background-attachment":"scroll","background-type":"","background-media":"","overlay-type":"","overlay-color":"","overlay-opacity":"","overlay-gradient":""},"tablet":{"background-color":"","background-image":"","background-repeat":"repeat","background-position":"center center","background-size":"auto","background-attachment":"scroll","background-type":"","background-media":"","overlay-type":"","overlay-color":"","overlay-opacity":"","overlay-gradient":""},"mobile":{"background-color":"","background-image":"","background-repeat":"repeat","background-position":"center center","background-size":"auto","background-attachment":"scroll","background-type":"","background-media":"","overlay-type":"","overlay-color":"","overlay-opacity":"","overlay-gradient":""}},"ast-content-background-meta":{"desktop":{"background-color":"var(--ast-global-color-5)","background-image":"","background-repeat":"repeat","background-position":"center center","background-size":"auto","background-attachment":"scroll","background-type":"","background-media":"","overlay-type":"","overlay-color":"","overlay-opacity":"","overlay-gradient":""},"tablet":{"background-color":"var(--ast-global-color-5)","background-image":"","background-repeat":"repeat","background-position":"center center","background-size":"auto","background-attachment":"scroll","background-type":"","background-media":"","overlay-type":"","overlay-color":"","overlay-opacity":"","overlay-gradient":""},"mobile":{"background-color":"var(--ast-global-color-5)","background-image":"","background-repeat":"repeat","background-position":"center center","background-size":"auto","background-attachment":"scroll","background-type":"","background-media":"","overlay-type":"","overlay-color":"","overlay-opacity":"","overlay-gradient":""}},"footnotes":""},"class_list":["post-2722","page","type-page","status-publish","hentry"],"yoast_head":"<!-- This site is optimized with the Yoast SEO plugin v27.2 - https:\/\/yoast.com\/product\/yoast-seo-wordpress\/ -->\n<title>Politique de Confidentialit\u00e9 - Services aux A\u00een\u00e9s BethCare Inc.<\/title>\n<meta name=\"robots\" content=\"index, follow, max-snippet:-1, max-image-preview:large, max-video-preview:-1\" \/>\n<link rel=\"canonical\" href=\"https:\/\/www.bethcare.com\/privacy-policy\/\" \/>\n<meta property=\"og:locale\" content=\"fr_FR\" \/>\n<meta property=\"og:type\" content=\"article\" \/>\n<meta property=\"og:title\" content=\"Politique de Confidentialit\u00e9 - Services aux A\u00een\u00e9s BethCare Inc.\" \/>\n<meta property=\"og:description\" content=\"Politique de Confidentialit\u00e9 Services aux a\u00een\u00e9s BethCare Inc. et ses soci\u00e9t\u00e9s affili\u00e9es (collectivement \u00ab\u00a0BethCare\u00a0\u00bb, \u00ab\u00a0nous\u00a0\u00bbou \u00ab\u00a0notre\u00a0\u00bb) respectent vos pr\u00e9occupations concernant votre vie priv\u00e9e. Nous avons pr\u00e9par\u00e9 cette politique de confidentialit\u00e9 pour vous informer de la mani\u00e8re dont nous collectons, utilisons, divulguons et g\u00e9rons autrement les informations personnelles que vous nous fournissez via notre site Web [&hellip;]\" \/>\n<meta property=\"og:url\" content=\"https:\/\/www.bethcare.com\/privacy-policy\/\" \/>\n<meta property=\"og:site_name\" content=\"Services aux A\u00een\u00e9s BethCare Inc.\" \/>\n<meta property=\"article:modified_time\" content=\"2023-07-21T21:14:29+00:00\" \/>\n<meta property=\"og:image\" content=\"https:\/\/www.bethcare.com\/wp-content\/uploads\/2023\/02\/bethcare_logo-200x200-1.jpg\" \/>\n\t<meta property=\"og:image:width\" content=\"200\" \/>\n\t<meta property=\"og:image:height\" content=\"200\" \/>\n\t<meta property=\"og:image:type\" content=\"image\/jpeg\" \/>\n<meta name=\"twitter:card\" content=\"summary_large_image\" \/>\n<meta name=\"twitter:label1\" content=\"Dur\u00e9e de lecture estim\u00e9e\" \/>\n\t<meta name=\"twitter:data1\" content=\"6 minutes\" \/>\n<script type=\"application\/ld+json\" class=\"yoast-schema-graph\">{\"@context\":\"https:\/\/schema.org\",\"@graph\":[{\"@type\":\"WebPage\",\"@id\":\"https:\/\/www.bethcare.com\/privacy-policy\/\",\"url\":\"https:\/\/www.bethcare.com\/privacy-policy\/\",\"name\":\"Politique de Confidentialit\u00e9 - Services aux A\u00een\u00e9s BethCare Inc.\",\"isPartOf\":{\"@id\":\"https:\/\/www.bethcare.com\/#website\"},\"datePublished\":\"2022-11-26T05:44:19+00:00\",\"dateModified\":\"2023-07-21T21:14:29+00:00\",\"breadcrumb\":{\"@id\":\"https:\/\/www.bethcare.com\/privacy-policy\/#breadcrumb\"},\"inLanguage\":\"fr-FR\",\"potentialAction\":[{\"@type\":\"ReadAction\",\"target\":[\"https:\/\/www.bethcare.com\/privacy-policy\/\"]}]},{\"@type\":\"BreadcrumbList\",\"@id\":\"https:\/\/www.bethcare.com\/privacy-policy\/#breadcrumb\",\"itemListElement\":[{\"@type\":\"ListItem\",\"position\":1,\"name\":\"Home\",\"item\":\"https:\/\/www.bethcare.com\/\"},{\"@type\":\"ListItem\",\"position\":2,\"name\":\"Politique de Confidentialit\u00e9\"}]},{\"@type\":\"WebSite\",\"@id\":\"https:\/\/www.bethcare.com\/#website\",\"url\":\"https:\/\/www.bethcare.com\/\",\"name\":\"Services aux A\u00een\u00e9s BethCare Inc.\",\"description\":\"BethCare - Senior Living\",\"publisher\":{\"@id\":\"https:\/\/www.bethcare.com\/#organization\"},\"potentialAction\":[{\"@type\":\"SearchAction\",\"target\":{\"@type\":\"EntryPoint\",\"urlTemplate\":\"https:\/\/www.bethcare.com\/?s={search_term_string}\"},\"query-input\":{\"@type\":\"PropertyValueSpecification\",\"valueRequired\":true,\"valueName\":\"search_term_string\"}}],\"inLanguage\":\"fr-FR\"},{\"@type\":\"Organization\",\"@id\":\"https:\/\/www.bethcare.com\/#organization\",\"name\":\"Services aux A\u00een\u00e9s BethCare Inc.\",\"url\":\"https:\/\/www.bethcare.com\/\",\"logo\":{\"@type\":\"ImageObject\",\"inLanguage\":\"fr-FR\",\"@id\":\"https:\/\/www.bethcare.com\/#\/schema\/logo\/image\/\",\"url\":\"https:\/\/www.bethcare.com\/wp-content\/uploads\/2022\/12\/cropped-BethCare_approved.png\",\"contentUrl\":\"https:\/\/www.bethcare.com\/wp-content\/uploads\/2022\/12\/cropped-BethCare_approved.png\",\"width\":572,\"height\":166,\"caption\":\"Services aux A\u00een\u00e9s BethCare Inc.\"},\"image\":{\"@id\":\"https:\/\/www.bethcare.com\/#\/schema\/logo\/image\/\"}}]}<\/script>\n<!-- \/ Yoast SEO plugin. -->","yoast_head_json":{"title":"Politique de Confidentialit\u00e9 - Services aux A\u00een\u00e9s BethCare Inc.","robots":{"index":"index","follow":"follow","max-snippet":"max-snippet:-1","max-image-preview":"max-image-preview:large","max-video-preview":"max-video-preview:-1"},"canonical":"https:\/\/www.bethcare.com\/privacy-policy\/","og_locale":"fr_FR","og_type":"article","og_title":"Politique de Confidentialit\u00e9 - Services aux A\u00een\u00e9s BethCare Inc.","og_description":"Politique de Confidentialit\u00e9 Services aux a\u00een\u00e9s BethCare Inc. et ses soci\u00e9t\u00e9s affili\u00e9es (collectivement \u00ab\u00a0BethCare\u00a0\u00bb, \u00ab\u00a0nous\u00a0\u00bbou \u00ab\u00a0notre\u00a0\u00bb) respectent vos pr\u00e9occupations concernant votre vie priv\u00e9e. Nous avons pr\u00e9par\u00e9 cette politique de confidentialit\u00e9 pour vous informer de la mani\u00e8re dont nous collectons, utilisons, divulguons et g\u00e9rons autrement les informations personnelles que vous nous fournissez via notre site Web [&hellip;]","og_url":"https:\/\/www.bethcare.com\/privacy-policy\/","og_site_name":"Services aux A\u00een\u00e9s BethCare Inc.","article_modified_time":"2023-07-21T21:14:29+00:00","og_image":[{"width":200,"height":200,"url":"https:\/\/www.bethcare.com\/wp-content\/uploads\/2023\/02\/bethcare_logo-200x200-1.jpg","type":"image\/jpeg"}],"twitter_card":"summary_large_image","twitter_misc":{"Dur\u00e9e de lecture estim\u00e9e":"6 minutes"},"schema":{"@context":"https:\/\/schema.org","@graph":[{"@type":"WebPage","@id":"https:\/\/www.bethcare.com\/privacy-policy\/","url":"https:\/\/www.bethcare.com\/privacy-policy\/","name":"Politique de Confidentialit\u00e9 - Services aux A\u00een\u00e9s BethCare Inc.","isPartOf":{"@id":"https:\/\/www.bethcare.com\/#website"},"datePublished":"2022-11-26T05:44:19+00:00","dateModified":"2023-07-21T21:14:29+00:00","breadcrumb":{"@id":"https:\/\/www.bethcare.com\/privacy-policy\/#breadcrumb"},"inLanguage":"fr-FR","potentialAction":[{"@type":"ReadAction","target":["https:\/\/www.bethcare.com\/privacy-policy\/"]}]},{"@type":"BreadcrumbList","@id":"https:\/\/www.bethcare.com\/privacy-policy\/#breadcrumb","itemListElement":[{"@type":"ListItem","position":1,"name":"Home","item":"https:\/\/www.bethcare.com\/"},{"@type":"ListItem","position":2,"name":"Politique de Confidentialit\u00e9"}]},{"@type":"WebSite","@id":"https:\/\/www.bethcare.com\/#website","url":"https:\/\/www.bethcare.com\/","name":"Services aux A\u00een\u00e9s BethCare Inc.","description":"BethCare - Senior Living","publisher":{"@id":"https:\/\/www.bethcare.com\/#organization"},"potentialAction":[{"@type":"SearchAction","target":{"@type":"EntryPoint","urlTemplate":"https:\/\/www.bethcare.com\/?s={search_term_string}"},"query-input":{"@type":"PropertyValueSpecification","valueRequired":true,"valueName":"search_term_string"}}],"inLanguage":"fr-FR"},{"@type":"Organization","@id":"https:\/\/www.bethcare.com\/#organization","name":"Services aux A\u00een\u00e9s BethCare Inc.","url":"https:\/\/www.bethcare.com\/","logo":{"@type":"ImageObject","inLanguage":"fr-FR","@id":"https:\/\/www.bethcare.com\/#\/schema\/logo\/image\/","url":"https:\/\/www.bethcare.com\/wp-content\/uploads\/2022\/12\/cropped-BethCare_approved.png","contentUrl":"https:\/\/www.bethcare.com\/wp-content\/uploads\/2022\/12\/cropped-BethCare_approved.png","width":572,"height":166,"caption":"Services aux A\u00een\u00e9s BethCare Inc."},"image":{"@id":"https:\/\/www.bethcare.com\/#\/schema\/logo\/image\/"}}]}},"_links":{"self":[{"href":"https:\/\/www.bethcare.com\/fr\/wp-json\/wp\/v2\/pages\/2722","targetHints":{"allow":["GET"]}}],"collection":[{"href":"https:\/\/www.bethcare.com\/fr\/wp-json\/wp\/v2\/pages"}],"about":[{"href":"https:\/\/www.bethcare.com\/fr\/wp-json\/wp\/v2\/types\/page"}],"author":[{"embeddable":true,"href":"https:\/\/www.bethcare.com\/fr\/wp-json\/wp\/v2\/users\/1"}],"replies":[{"embeddable":true,"href":"https:\/\/www.bethcare.com\/fr\/wp-json\/wp\/v2\/comments?post=2722"}],"version-history":[{"count":0,"href":"https:\/\/www.bethcare.com\/fr\/wp-json\/wp\/v2\/pages\/2722\/revisions"}],"wp:attachment":[{"href":"https:\/\/www.bethcare.com\/fr\/wp-json\/wp\/v2\/media?parent=2722"}],"curies":[{"name":"wp","href":"https:\/\/api.w.org\/{rel}","templated":true}]}}